{"id":152,"date":"2020-07-06T09:22:07","date_gmt":"2020-07-06T06:22:07","guid":{"rendered":"http:\/\/parkfarmamedikal.com\/index.php\/contact\/"},"modified":"2023-12-23T11:14:43","modified_gmt":"2023-12-23T08:14:43","slug":"contact","status":"publish","type":"page","link":"https:\/\/parkfarmamedikal.com\/index.php\/contact\/","title":{"rendered":"Contact"},"content":{"rendered":"\t\t<div data-elementor-type=\"wp-page\" data-elementor-id=\"152\" class=\"elementor elementor-152\">\n\t\t\t\t\t\t<section class=\"elementor-section elementor-top-section elementor-element elementor-element-d247a12 elementor-section-full_width elementor-section-height-default elementor-section-height-default\" data-id=\"d247a12\" data-element_type=\"section\" data-settings=\"{&quot;background_background&quot;:&quot;classic&quot;}\">\n\t\t\t\t\t\t\t<div class=\"elementor-background-overlay\"><\/div>\n\t\t\t\t\t\t\t<div class=\"elementor-container elementor-column-gap-no\">\n\t\t\t\t\t<div class=\"aux-parallax-section elementor-column elementor-col-100 elementor-top-column elementor-element elementor-element-d24cd9d\" data-id=\"d24cd9d\" data-element_type=\"column\" data-settings=\"{&quot;background_background&quot;:&quot;classic&quot;}\">\n\t\t\t<div class=\"elementor-widget-wrap elementor-element-populated\">\n\t\t\t\t\t\t<section class=\"elementor-section elementor-inner-section elementor-element elementor-element-91571e1 elementor-section-boxed elementor-section-height-default elementor-section-height-default\" data-id=\"91571e1\" data-element_type=\"section\">\n\t\t\t\t\t\t<div class=\"elementor-container elementor-column-gap-no\">\n\t\t\t\t\t<div class=\"aux-parallax-section elementor-column elementor-col-100 elementor-inner-column elementor-element elementor-element-e929e63\" data-id=\"e929e63\" data-element_type=\"column\">\n\t\t\t<div class=\"elementor-widget-wrap elementor-element-populated\">\n\t\t\t\t\t\t<div class=\"elementor-element elementor-element-5e88372 aux-appear-watch-animation aux-fade-in-right-1 elementor-widget elementor-widget-aux_modern_heading\" data-id=\"5e88372\" data-element_type=\"widget\" data-widget_type=\"aux_modern_heading.default\">\n\t\t\t\t<div class=\"elementor-widget-container\">\n\t\t\t\t\t<section class=\"aux-widget-modern-heading\">\n            <div class=\"aux-widget-inner\"><h2 class=\"aux-modern-heading-primary\">\u0130LET\u0130\u015e\u0130M<\/h2><\/div>\n        <\/section>\t\t\t\t<\/div>\n\t\t\t\t<\/div>\n\t\t\t\t\t<\/div>\n\t\t<\/div>\n\t\t\t\t\t<\/div>\n\t\t<\/section>\n\t\t\t\t<div class=\"elementor-element elementor-element-8c43bb8 elementor-widget__width-auto elementor-hidden-phone aux-appear-watch-animation aux-fade-in-left-1 elementor-widget elementor-widget-aux_simple_svg\" data-id=\"8c43bb8\" data-element_type=\"widget\" data-widget_type=\"aux_simple_svg.default\">\n\t\t\t\t<div class=\"elementor-widget-container\">\n\t\t\t\t\t    <div class=\"aux-widget-container aux-simple-svg-container\">\n        <div class=\"aux-widget-container-inner\">\n            <div class=\"aux-the-svg\"><\/div>\n        <\/div>\n    <\/div>\n    \t\t\t\t<\/div>\n\t\t\t\t<\/div>\n\t\t\t\t\t<\/div>\n\t\t<\/div>\n\t\t\t\t\t<\/div>\n\t\t<\/section>\n\t\t\t\t<section class=\"elementor-section elementor-top-section elementor-element elementor-element-f23df28 elementor-section-boxed elementor-section-height-default elementor-section-height-default\" data-id=\"f23df28\" data-element_type=\"section\">\n\t\t\t\t\t\t<div class=\"elementor-container elementor-column-gap-no\">\n\t\t\t\t\t<div class=\"aux-parallax-section elementor-column elementor-col-100 elementor-top-column elementor-element elementor-element-9ff6825\" data-id=\"9ff6825\" data-element_type=\"column\">\n\t\t\t<div class=\"elementor-widget-wrap elementor-element-populated\">\n\t\t\t\t\t\t<section class=\"elementor-section elementor-inner-section elementor-element elementor-element-7116739 elementor-section-boxed elementor-section-height-default elementor-section-height-default\" data-id=\"7116739\" data-element_type=\"section\">\n\t\t\t\t\t\t<div class=\"elementor-container elementor-column-gap-no\">\n\t\t\t\t\t<div class=\"aux-parallax-section elementor-column elementor-col-25 elementor-inner-column elementor-element elementor-element-aa1ce15\" data-id=\"aa1ce15\" data-element_type=\"column\">\n\t\t\t<div class=\"elementor-widget-wrap elementor-element-populated\">\n\t\t\t\t\t\t<div class=\"elementor-element elementor-element-413ed1b aux-appear-watch-animation aux-fade-in-right-1 elementor-widget elementor-widget-aux_text\" data-id=\"413ed1b\" data-element_type=\"widget\" data-widget_type=\"aux_text.default\">\n\t\t\t\t<div class=\"elementor-widget-container\">\n\t\t\t\t\t<section class=\"widget-container aux-widget-text aux-parent-au7b468a13\">        <div class=\"aux-widget-advanced-text aux-wrap-style-simple aux-ico-pos-top aux-text-center aux-text-resp- aux-text-color-dark aux-text-widget-bg-center  \" >\n        \n                            <div class=\"aux-text-widget-header \"  >\n                        <div class=\"aux-ico-box aux-ico-large aux-ico-clear \">\n                                                                <svg xmlns=\"http:\/\/www.w3.org\/2000\/svg\" width=\"42.743\" height=\"56.99\" viewBox=\"0 0 42.743 56.99\">\n  <path d=\"M19.175,55.84C3,32.394,0,29.988,0,21.371a21.371,21.371,0,0,1,42.743,0c0,8.617-3,11.023-19.175,34.469A2.673,2.673,0,0,1,19.175,55.84Zm2.2-25.564a8.9,8.9,0,1,0-8.9-8.9A8.9,8.9,0,0,0,21.371,30.276Z\" fill=\"var(--e-global-color-primary)\" \/>\n<\/svg>                                                    <\/div>\n                <\/div>\n            \n            <div class=\"aux-text-inner aux-text-widget-content\">\n                                <div class=\"widget-content\">\n                                        <p>Yaz\u0131r mah. Dolunay Cad. No:1\/B Sel\u00e7uklu\/Konya<\/p><p>\u00a0<\/p>                <\/div>\n                            <\/div>\n        <\/div>\n                    <div class=\"aux-text-widget-footer\">\n                <div class=\"aux-border-shape-none \">\n                                <\/div>\n            <\/div>\n        \n<\/section><!-- widget-container -->\t\t\t\t<\/div>\n\t\t\t\t<\/div>\n\t\t\t\t\t<\/div>\n\t\t<\/div>\n\t\t\t\t<div class=\"aux-parallax-section elementor-column elementor-col-25 elementor-inner-column elementor-element elementor-element-cb231ca\" data-id=\"cb231ca\" data-element_type=\"column\">\n\t\t\t<div class=\"elementor-widget-wrap elementor-element-populated\">\n\t\t\t\t\t\t<div class=\"elementor-element elementor-element-0477b7b aux-appear-watch-animation aux-fade-in-right-1 elementor-widget elementor-widget-aux_text\" data-id=\"0477b7b\" data-element_type=\"widget\" data-widget_type=\"aux_text.default\">\n\t\t\t\t<div class=\"elementor-widget-container\">\n\t\t\t\t\t<section class=\"widget-container aux-widget-text aux-parent-auda59230c\">        <div class=\"aux-widget-advanced-text aux-wrap-style-simple aux-ico-pos-top aux-text-center aux-text-resp- aux-text-color-dark aux-text-widget-bg-center  \" >\n        \n                            <div class=\"aux-text-widget-header \"  >\n                        <div class=\"aux-ico-box aux-ico-large aux-ico-clear \">\n                                                                <svg xmlns=\"http:\/\/www.w3.org\/2000\/svg\" width=\"56.99\" height=\"56.989\" viewBox=\"0 0 56.99 56.989\">\n  <path d=\"M55.364,40.277,42.9,34.934a2.671,2.671,0,0,0-3.117.768L34.26,42.448S26.865,40,22.05,34.934,15,22.2,15,22.2l6.282-5a2.665,2.665,0,0,0,.768-3.117L16.707,1.621A2.689,2.689,0,0,0,13.646.074L2.07,2.745A2.671,2.671,0,0,0,0,5.348,51.642,51.642,0,0,0,51.647,57a2.671,2.671,0,0,0,2.6-2.07l2.671-11.576a2.7,2.7,0,0,0-1.559-3.072Z\" transform=\"translate(0 -0.006)\" fill=\"var(--e-global-color-primary)\" \/>\n<\/svg>                                                    <\/div>\n                <\/div>\n            \n            <div class=\"aux-text-inner aux-text-widget-content\">\n                                <div class=\"widget-content\">\n                                        <p>(+90) 532 620 01 98<\/p>                <\/div>\n                            <\/div>\n        <\/div>\n                    <div class=\"aux-text-widget-footer\">\n                <div class=\"aux-border-shape-none \">\n                                <\/div>\n            <\/div>\n        \n<\/section><!-- widget-container -->\t\t\t\t<\/div>\n\t\t\t\t<\/div>\n\t\t\t\t\t<\/div>\n\t\t<\/div>\n\t\t\t\t<div class=\"aux-parallax-section elementor-column elementor-col-25 elementor-inner-column elementor-element elementor-element-5601e63\" data-id=\"5601e63\" data-element_type=\"column\">\n\t\t\t<div class=\"elementor-widget-wrap elementor-element-populated\">\n\t\t\t\t\t\t<div class=\"elementor-element elementor-element-635bcca aux-appear-watch-animation aux-fade-in-right-1 elementor-widget elementor-widget-aux_text\" data-id=\"635bcca\" data-element_type=\"widget\" data-widget_type=\"aux_text.default\">\n\t\t\t\t<div class=\"elementor-widget-container\">\n\t\t\t\t\t<section class=\"widget-container aux-widget-text aux-parent-au32d2ad58\">        <div class=\"aux-widget-advanced-text aux-wrap-style-simple aux-ico-pos-top aux-text-center aux-text-resp- aux-text-color-dark aux-text-widget-bg-center  \" >\n        \n                            <div class=\"aux-text-widget-header \"  >\n                        <div class=\"aux-ico-box aux-ico-large aux-ico-clear \">\n                                                                <svg xmlns=\"http:\/\/www.w3.org\/2000\/svg\" width=\"55.576\" height=\"55.576\" viewBox=\"0 0 55.576 55.576\">\n  <path d=\"M55.576,50.365a5.21,5.21,0,0,1-5.21,5.21H5.21A5.21,5.21,0,0,1,0,50.365V21.788a5.21,5.21,0,0,1,2-4.1c2.7-2.12,4.939-3.839,17.823-13.19,1.826-1.332,5.45-4.535,7.969-4.5,2.518-.038,6.143,3.167,7.969,4.5,12.883,9.35,15.121,11.071,17.823,13.19a5.21,5.21,0,0,1,2,4.1ZM48.448,29.025a.868.868,0,0,0-1.231-.207c-2.48,1.831-6.02,4.418-11.461,8.367-1.826,1.331-5.45,4.535-7.969,4.5-2.519.037-6.139-3.163-7.969-4.5-5.44-3.948-8.98-6.535-11.461-8.367a.868.868,0,0,0-1.231.207l-.985,1.432a.868.868,0,0,0,.2,1.19c2.484,1.834,6.019,4.417,11.43,8.344,2.2,1.6,6.135,5.19,10.015,5.164,3.878.026,7.811-3.557,10.015-5.164,5.411-3.927,8.946-6.51,11.43-8.344a.868.868,0,0,0,.2-1.19Z\" transform=\"translate(0 0)\" fill=\"var(--e-global-color-primary)\" \/>\n<\/svg>                                                    <\/div>\n                <\/div>\n            \n            <div class=\"aux-text-inner aux-text-widget-content\">\n                                <div class=\"widget-content\">\n                                        <p>serdar@parkfarmamedikal.com<\/p>                <\/div>\n                            <\/div>\n        <\/div>\n                    <div class=\"aux-text-widget-footer\">\n                <div class=\"aux-border-shape-none \">\n                                <\/div>\n            <\/div>\n        \n<\/section><!-- widget-container -->\t\t\t\t<\/div>\n\t\t\t\t<\/div>\n\t\t\t\t\t<\/div>\n\t\t<\/div>\n\t\t\t\t<div class=\"aux-parallax-section elementor-column elementor-col-25 elementor-inner-column elementor-element elementor-element-fb3ff21\" data-id=\"fb3ff21\" data-element_type=\"column\">\n\t\t\t<div class=\"elementor-widget-wrap elementor-element-populated\">\n\t\t\t\t\t\t<div class=\"elementor-element elementor-element-804bb3e aux-appear-watch-animation aux-fade-in-right-1 elementor-widget elementor-widget-aux_text\" data-id=\"804bb3e\" data-element_type=\"widget\" data-widget_type=\"aux_text.default\">\n\t\t\t\t<div class=\"elementor-widget-container\">\n\t\t\t\t\t<section class=\"widget-container aux-widget-text aux-parent-au7be6a760\">        <div class=\"aux-widget-advanced-text aux-wrap-style-simple aux-ico-pos-top aux-text-center aux-text-resp- aux-text-color-dark aux-text-widget-bg-center  \" >\n        \n                            <div class=\"aux-text-widget-header \"  >\n                        <div class=\"aux-ico-box aux-ico-large aux-ico-clear \">\n                                                                <svg xmlns=\"http:\/\/www.w3.org\/2000\/svg\" width=\"55.209\" height=\"55.209\" viewBox=\"0 0 55.209 55.209\">\n  <path d=\"M35.6,8a27.6,27.6,0,1,0,27.6,27.6A27.6,27.6,0,0,0,35.6,8ZM41.96,46.969l-9.817-7.135a1.344,1.344,0,0,1-.545-1.08V20.021a1.34,1.34,0,0,1,1.336-1.336h5.343a1.34,1.34,0,0,1,1.336,1.336V35.348l7.068,5.142a1.335,1.335,0,0,1,.289,1.87L43.83,46.68a1.345,1.345,0,0,1-1.87.289Z\" transform=\"translate(-8 -8)\" fill=\"var(--e-global-color-primary)\" \/>\n<\/svg>                                                    <\/div>\n                <\/div>\n            \n            <div class=\"aux-text-inner aux-text-widget-content\">\n                                <div class=\"widget-content\">\n                                        <p>www.parkfarmamedikal.com<\/p>                <\/div>\n                            <\/div>\n        <\/div>\n                    <div class=\"aux-text-widget-footer\">\n                <div class=\"aux-border-shape-none \">\n                                <\/div>\n            <\/div>\n        \n<\/section><!-- widget-container -->\t\t\t\t<\/div>\n\t\t\t\t<\/div>\n\t\t\t\t\t<\/div>\n\t\t<\/div>\n\t\t\t\t\t<\/div>\n\t\t<\/section>\n\t\t\t\t\t<\/div>\n\t\t<\/div>\n\t\t\t\t\t<\/div>\n\t\t<\/section>\n\t\t\t\t<section class=\"elementor-section elementor-top-section elementor-element elementor-element-9d14da1 elementor-section-boxed elementor-section-height-default elementor-section-height-default\" data-id=\"9d14da1\" data-element_type=\"section\">\n\t\t\t\t\t\t<div class=\"elementor-container elementor-column-gap-default\">\n\t\t\t\t\t<div class=\"aux-parallax-section elementor-column elementor-col-100 elementor-top-column elementor-element elementor-element-478f7bd\" data-id=\"478f7bd\" data-element_type=\"column\">\n\t\t\t<div class=\"elementor-widget-wrap elementor-element-populated\">\n\t\t\t\t\t\t<div class=\"elementor-element elementor-element-91539fb elementor-widget elementor-widget-text-editor\" data-id=\"91539fb\" data-element_type=\"widget\" data-widget_type=\"text-editor.default\">\n\t\t\t\t<div class=\"elementor-widget-container\">\n\t\t\t\t\t\t\t\t\t<center><p>Pzrt. &#8211; Cuma: 09.00 &#8211; 19.00<\/p><p>Cumartesi: 09.00 &#8211; 17.00<\/p><\/center>\t\t\t\t\t\t\t\t<\/div>\n\t\t\t\t<\/div>\n\t\t\t\t\t<\/div>\n\t\t<\/div>\n\t\t\t\t\t<\/div>\n\t\t<\/section>\n\t\t\t\t<\/div>\n\t\t","protected":false},"excerpt":{"rendered":"<p>\u0130LET\u0130\u015e\u0130M Yaz\u0131r mah. Dolunay Cad. No:1\/B Sel\u00e7uklu\/Konya \u00a0 (+90) 532 620 01 98 serdar@parkfarmamedikal.com www.parkfarmamedikal.com Pzrt. &#8211; Cuma: 09.00 &#8211; 19.00 Cumartesi: 09.00 &#8211; 17.00<\/p>\n","protected":false},"author":1,"featured_media":0,"parent":0,"menu_order":0,"comment_status":"closed","ping_status":"closed","template":"templates\/page-builder-content.php","meta":{"footnotes":""},"class_list":["post-152","page","type-page","status-publish","hentry"],"_links":{"self":[{"href":"https:\/\/parkfarmamedikal.com\/index.php\/wp-json\/wp\/v2\/pages\/152","targetHints":{"allow":["GET"]}}],"collection":[{"href":"https:\/\/parkfarmamedikal.com\/index.php\/wp-json\/wp\/v2\/pages"}],"about":[{"href":"https:\/\/parkfarmamedikal.com\/index.php\/wp-json\/wp\/v2\/types\/page"}],"author":[{"embeddable":true,"href":"https:\/\/parkfarmamedikal.com\/index.php\/wp-json\/wp\/v2\/users\/1"}],"replies":[{"embeddable":true,"href":"https:\/\/parkfarmamedikal.com\/index.php\/wp-json\/wp\/v2\/comments?post=152"}],"version-history":[{"count":24,"href":"https:\/\/parkfarmamedikal.com\/index.php\/wp-json\/wp\/v2\/pages\/152\/revisions"}],"predecessor-version":[{"id":708,"href":"https:\/\/parkfarmamedikal.com\/index.php\/wp-json\/wp\/v2\/pages\/152\/revisions\/708"}],"wp:attachment":[{"href":"https:\/\/parkfarmamedikal.com\/index.php\/wp-json\/wp\/v2\/media?parent=152"}],"curies":[{"name":"wp","href":"https:\/\/api.w.org\/{rel}","templated":true}]}}