{"id":155,"date":"2020-07-06T09:20:52","date_gmt":"2020-07-06T06:20:52","guid":{"rendered":"http:\/\/parkfarmamedikal.com\/index.php\/about\/"},"modified":"2023-11-03T12:52:30","modified_gmt":"2023-11-03T09:52:30","slug":"about","status":"publish","type":"page","link":"https:\/\/parkfarmamedikal.com\/index.php\/about\/","title":{"rendered":"About"},"content":{"rendered":"\t\t<div data-elementor-type=\"wp-page\" data-elementor-id=\"155\" class=\"elementor elementor-155\">\n\t\t\t\t\t\t<section class=\"elementor-section elementor-top-section elementor-element elementor-element-c06c10c elementor-section-full_width elementor-section-height-default elementor-section-height-default\" data-id=\"c06c10c\" data-element_type=\"section\" data-settings=\"{&quot;background_background&quot;:&quot;classic&quot;}\">\n\t\t\t\t\t\t\t<div class=\"elementor-background-overlay\"><\/div>\n\t\t\t\t\t\t\t<div class=\"elementor-container elementor-column-gap-no\">\n\t\t\t\t\t<div class=\"aux-parallax-section elementor-column elementor-col-100 elementor-top-column elementor-element elementor-element-dc6cf91\" data-id=\"dc6cf91\" data-element_type=\"column\" data-settings=\"{&quot;background_background&quot;:&quot;classic&quot;}\">\n\t\t\t<div class=\"elementor-widget-wrap elementor-element-populated\">\n\t\t\t\t\t<div class=\"elementor-background-overlay\"><\/div>\n\t\t\t\t\t\t<section class=\"elementor-section elementor-inner-section elementor-element elementor-element-abcf76f elementor-section-boxed elementor-section-height-default elementor-section-height-default\" data-id=\"abcf76f\" data-element_type=\"section\">\n\t\t\t\t\t\t<div class=\"elementor-container elementor-column-gap-no\">\n\t\t\t\t\t<div class=\"aux-parallax-section elementor-column elementor-col-100 elementor-inner-column elementor-element elementor-element-f673953\" data-id=\"f673953\" data-element_type=\"column\">\n\t\t\t<div class=\"elementor-widget-wrap elementor-element-populated\">\n\t\t\t\t\t\t<div class=\"elementor-element elementor-element-a7bb184 aux-appear-watch-animation aux-fade-in-right-1 elementor-widget elementor-widget-aux_modern_heading\" data-id=\"a7bb184\" data-element_type=\"widget\" data-widget_type=\"aux_modern_heading.default\">\n\t\t\t\t<div class=\"elementor-widget-container\">\n\t\t\t\t\t<section class=\"aux-widget-modern-heading\">\n            <div class=\"aux-widget-inner\"><h2 class=\"aux-modern-heading-primary\">KURUMSAL<\/h2><\/div>\n        <\/section>\t\t\t\t<\/div>\n\t\t\t\t<\/div>\n\t\t\t\t\t<\/div>\n\t\t<\/div>\n\t\t\t\t\t<\/div>\n\t\t<\/section>\n\t\t\t\t\t<\/div>\n\t\t<\/div>\n\t\t\t\t\t<\/div>\n\t\t<\/section>\n\t\t\t\t<section class=\"elementor-section elementor-top-section elementor-element elementor-element-c726729 elementor-section-content-middle elementor-section-boxed elementor-section-height-default elementor-section-height-default\" data-id=\"c726729\" data-element_type=\"section\">\n\t\t\t\t\t\t<div class=\"elementor-container elementor-column-gap-no\">\n\t\t\t\t\t<div class=\"aux-parallax-section elementor-column elementor-col-50 elementor-top-column elementor-element elementor-element-cb3381b\" data-id=\"cb3381b\" data-element_type=\"column\" data-settings=\"{&quot;background_background&quot;:&quot;classic&quot;}\">\n\t\t\t<div class=\"elementor-widget-wrap elementor-element-populated\">\n\t\t\t\t\t\t<div class=\"elementor-element elementor-element-330d128 aux-appear-watch-animation aux-scale-down-1 elementor-widget elementor-widget-aux_image\" data-id=\"330d128\" data-element_type=\"widget\" data-widget_type=\"aux_image.default\">\n\t\t\t\t<div class=\"elementor-widget-container\">\n\t\t\t\t\t<section class=\"widget-container aux-widget-image aux-alignnone aux-parent-au9906348a\">\n    <div class=\"aux-media-hint-frame \">\n        <div class=\"aux-media-image \" >\n        \n            \n\n            \n            <img decoding=\"async\" src=\"https:\/\/parkfarmamedikal.com\/wp-content\/uploads\/2020\/07\/giraffe-standing-in-soft-sunset-light-2FS4YDN-1.png\" class=\"attachment-full size-full\" alt=\"\" \/>            \n                <\/div>\n    <\/div>\n\n<\/section><!-- widget-container -->\t\t\t\t<\/div>\n\t\t\t\t<\/div>\n\t\t\t\t\t<\/div>\n\t\t<\/div>\n\t\t\t\t<div class=\"aux-parallax-section elementor-column elementor-col-50 elementor-top-column elementor-element elementor-element-47e3194\" data-id=\"47e3194\" data-element_type=\"column\">\n\t\t\t<div class=\"elementor-widget-wrap elementor-element-populated\">\n\t\t\t\t\t\t<div class=\"elementor-element elementor-element-12c5a41 aux-appear-watch-animation aux-fade-in-up elementor-widget elementor-widget-aux_modern_heading\" data-id=\"12c5a41\" data-element_type=\"widget\" data-widget_type=\"aux_modern_heading.default\">\n\t\t\t\t<div class=\"elementor-widget-container\">\n\t\t\t\t\t<section class=\"aux-widget-modern-heading\">\n            <div class=\"aux-widget-inner\"><h2 class=\"aux-modern-heading-primary\">MED\u0130KAL SA\u011eLIK \u00dcR\u00dcNLER\u0130<\/h2><div class=\"aux-modern-heading-description\"><p>Merhaba!<\/p><p>Medikal sa\u011fl\u0131k \u00fcr\u00fcnleri satan firmam\u0131z, sekt\u00f6rdeki lider tak\u0131m arkada\u015flar\u0131m\u0131zla kurulmu\u015f bir \u015firkettir. Amac\u0131m\u0131z, kaliteli ve yenilik\u00e7i \u00fcr\u00fcnlerimizle m\u00fc\u015fterilerimize sa\u011fl\u0131kl\u0131 ve konforlu bir ya\u015fam sunmakt\u0131r.<\/p><p>Vizyonumuz, sa\u011fl\u0131k alan\u0131nda s\u00fcrekli geli\u015fen teknolojiyi yakalamak ve en son yenilikleri m\u00fc\u015fterilerimize sunmakt\u0131r.<\/p><p>Misyonumuz ise, m\u00fc\u015fteri memnuniyetini \u00f6n planda tutarak, ihtiya\u00e7lar\u0131na uygun \u00e7\u00f6z\u00fcmler sunmak ve onlar\u0131n ya\u015fam kalitesini art\u0131rmakt\u0131r. Profesyonel ekibimizle sa\u011fl\u0131k \u00fcr\u00fcnlerindeki lider markalar\u0131 bir araya getirerek, m\u00fc\u015fterilerimize en iyi hizmeti sunmak i\u00e7in \u00e7al\u0131\u015fmaktay\u0131z.<\/p><\/div><\/div>\n        <\/section>\t\t\t\t<\/div>\n\t\t\t\t<\/div>\n\t\t\t\t\t<\/div>\n\t\t<\/div>\n\t\t\t\t\t<\/div>\n\t\t<\/section>\n\t\t\t\t<\/div>\n\t\t","protected":false},"excerpt":{"rendered":"<p>KURUMSAL MED\u0130KAL SA\u011eLIK \u00dcR\u00dcNLER\u0130 Merhaba! Medikal sa\u011fl\u0131k \u00fcr\u00fcnleri satan firmam\u0131z, sekt\u00f6rdeki lider tak\u0131m arkada\u015flar\u0131m\u0131zla kurulmu\u015f bir \u015firkettir. Amac\u0131m\u0131z, kaliteli ve yenilik\u00e7i \u00fcr\u00fcnlerimizle m\u00fc\u015fterilerimize sa\u011fl\u0131kl\u0131 ve konforlu bir ya\u015fam sunmakt\u0131r. Vizyonumuz, sa\u011fl\u0131k alan\u0131nda s\u00fcrekli geli\u015fen teknolojiyi yakalamak ve en son yenilikleri m\u00fc\u015fterilerimize sunmakt\u0131r. Misyonumuz ise, m\u00fc\u015fteri memnuniyetini \u00f6n planda tutarak, ihtiya\u00e7lar\u0131na uygun \u00e7\u00f6z\u00fcmler sunmak ve onlar\u0131n [&hellip;]<\/p>\n","protected":false},"author":1,"featured_media":0,"parent":0,"menu_order":0,"comment_status":"closed","ping_status":"closed","template":"templates\/page-builder-content.php","meta":{"footnotes":""},"class_list":["post-155","page","type-page","status-publish","hentry"],"_links":{"self":[{"href":"https:\/\/parkfarmamedikal.com\/index.php\/wp-json\/wp\/v2\/pages\/155","targetHints":{"allow":["GET"]}}],"collection":[{"href":"https:\/\/parkfarmamedikal.com\/index.php\/wp-json\/wp\/v2\/pages"}],"about":[{"href":"https:\/\/parkfarmamedikal.com\/index.php\/wp-json\/wp\/v2\/types\/page"}],"author":[{"embeddable":true,"href":"https:\/\/parkfarmamedikal.com\/index.php\/wp-json\/wp\/v2\/users\/1"}],"replies":[{"embeddable":true,"href":"https:\/\/parkfarmamedikal.com\/index.php\/wp-json\/wp\/v2\/comments?post=155"}],"version-history":[{"count":18,"href":"https:\/\/parkfarmamedikal.com\/index.php\/wp-json\/wp\/v2\/pages\/155\/revisions"}],"predecessor-version":[{"id":544,"href":"https:\/\/parkfarmamedikal.com\/index.php\/wp-json\/wp\/v2\/pages\/155\/revisions\/544"}],"wp:attachment":[{"href":"https:\/\/parkfarmamedikal.com\/index.php\/wp-json\/wp\/v2\/media?parent=155"}],"curies":[{"name":"wp","href":"https:\/\/api.w.org\/{rel}","templated":true}]}}